{"id":48,"date":"2024-01-12T13:56:58","date_gmt":"2024-01-12T13:56:58","guid":{"rendered":"https:\/\/unruffled-stonebraker.176-9-1-208.plesk.page\/?page_id=48"},"modified":"2024-01-12T15:49:23","modified_gmt":"2024-01-12T15:49:23","slug":"mitglied-werden","status":"publish","type":"page","link":"https:\/\/unruffled-stonebraker.176-9-1-208.plesk.page\/?page_id=48","title":{"rendered":"Mitglied werden"},"content":{"rendered":"<p>[et_pb_section fb_built=&#8220;1&#8243; admin_label=&#8220;CTA Section&#8220; module_id=&#8220;mitglied&#8220; _builder_version=&#8220;4.23.4&#8243; background_color=&#8220;#0077a2&#8243; background_image=&#8220;https:\/\/unruffled-stonebraker.176-9-1-208.plesk.page\/wp-content\/uploads\/2024\/01\/day_care_bg_01.png&#8220; background_size=&#8220;initial&#8220; max_width=&#8220;90%&#8220; module_alignment=&#8220;center&#8220; custom_margin_tablet=&#8220;40px||||false&#8220; custom_margin_phone=&#8220;&#8220; custom_margin_last_edited=&#8220;on|phone&#8220; custom_padding=&#8220;6vw||6vw||true|false&#8220; border_radii=&#8220;on|38px|38px|38px|38px&#8220; box_shadow_style=&#8220;preset3&#8243; box_shadow_vertical=&#8220;82px&#8220; box_shadow_blur=&#8220;94px&#8220; box_shadow_spread=&#8220;-60px&#8220; box_shadow_color=&#8220;rgba(0,0,0,0.22)&#8220; global_colors_info=&#8220;{}&#8220;][et_pb_row column_structure=&#8220;1_2,1_2&#8243; make_equal=&#8220;on&#8220; _builder_version=&#8220;4.16&#8243; global_colors_info=&#8220;{}&#8220;][et_pb_column type=&#8220;1_2&#8243; _builder_version=&#8220;4.16&#8243; custom_padding=&#8220;|||&#8220; global_colors_info=&#8220;{}&#8220; custom_padding__hover=&#8220;|||&#8220;][et_pb_text _builder_version=&#8220;4.23.4&#8243; text_font=&#8220;||||||||&#8220; header_font=&#8220;||||||||&#8220; header_2_font=&#8220;Fredoka One||||||||&#8220; header_2_font_size=&#8220;60px&#8220; header_2_line_height=&#8220;1.2em&#8220; text_orientation=&#8220;center&#8220; background_layout=&#8220;dark&#8220; hover_enabled=&#8220;0&#8243; header_2_font_size_tablet=&#8220;50px&#8220; header_2_font_size_phone=&#8220;30px&#8220; header_2_font_size_last_edited=&#8220;on|phone&#8220; global_colors_info=&#8220;{}&#8220; sticky_enabled=&#8220;0&#8243;]<\/p>\n<h2>Jetzt mitmachen<\/h2>\n<p>[\/et_pb_text][\/et_pb_column][et_pb_column type=&#8220;1_2&#8243; _builder_version=&#8220;4.16&#8243; custom_padding=&#8220;|||&#8220; global_colors_info=&#8220;{}&#8220; custom_padding__hover=&#8220;|||&#8220;][et_pb_text _builder_version=&#8220;4.23.4&#8243; text_font=&#8220;Muli||||||||&#8220; text_font_size=&#8220;16px&#8220; text_line_height=&#8220;1.8em&#8220; header_font=&#8220;||||||||&#8220; header_6_font=&#8220;Muli|600|||||||&#8220; header_6_font_size=&#8220;22px&#8220; header_6_line_height=&#8220;1.8em&#8220; background_layout=&#8220;dark&#8220; max_width=&#8220;800px&#8220; module_alignment=&#8220;center&#8220; hover_enabled=&#8220;0&#8243; text_font_size_tablet=&#8220;&#8220; text_font_size_phone=&#8220;14px&#8220; text_font_size_last_edited=&#8220;on|phone&#8220; locked=&#8220;off&#8220; global_colors_info=&#8220;{}&#8220; sticky_enabled=&#8220;0&#8243;]<\/p>\n<p>Gemeinsam k\u00f6nnen wir viel erreichen und unseren Kindern eine sch\u00f6ne Grundschulzeit bieten &#8211; und das <strong>ab nur 1 Euro pro Monat<\/strong>.\u00a0Sie k\u00f6nnen aber auch einen h\u00f6heren Jahresbeitrag zahlen.<\/p>\n<p>Wenn Sie Mitglied im F\u00f6rderverein Grundschule Weener e.V. werden m\u00f6chten, so k\u00f6nnen Sie sich unserem <span style=\"text-decoration: underline;\"><a href=\"https:\/\/unruffled-stonebraker.176-9-1-208.plesk.page\/wp-content\/uploads\/2024\/01\/Beitrittsantrag-V1.4-1.pdf\" target=\"_blank\" style=\"color: #ffffff; text-decoration: underline;\" rel=\"noopener\">Flyer inkl. Mitgliedsantrag hier herunterladen<\/a><\/span>. Bitte geben Sie ihn ausgef\u00fcllt und unterschrieben im Sekretariat der Grundschule Weener oder bei der Klassenlehrerin Ihres Kindes ab. Alternativ k\u00f6nnen Sie Ihre Anmeldung auch bei einem Vorstandsmitglied abgeben.<\/p>\n<h2 class=\"title\">Spenden<\/h2>\n<p>Gerne nehmen wir auch Ihre Spende entgegen. Als gemeinn\u00fctziger Verein erhalten Sie von uns auf Wunsch selbstverst\u00e4ndlich eine steuerabzugsf\u00e4hige Spendenquittung.<\/p>\n<h2 class=\"title\">Mitmachen<\/h2>\n<p>Werden Sie aktiv! Unterst\u00fctzen Sie uns bei Aktionen und Veranstaltungen. Auch das kleinste Engagement ist ein gro\u00dfer Gewinn &#8211; f\u00fcr unsere Kinder.<\/p>\n<p>[\/et_pb_text][\/et_pb_column][\/et_pb_row][\/et_pb_section][et_pb_section fb_built=&#8220;1&#8243; fullwidth=&#8220;on&#8220; admin_label=&#8220;Footer&#8220; _builder_version=&#8220;4.16&#8243; global_colors_info=&#8220;{}&#8220;][et_pb_fullwidth_image src=&#8220;https:\/\/unruffled-stonebraker.176-9-1-208.plesk.page\/wp-content\/uploads\/2024\/01\/day_care_img_13.jpg&#8220; _builder_version=&#8220;4.16&#8243; animation_style=&#8220;slide&#8220; animation_direction=&#8220;bottom&#8220; animation_intensity_slide=&#8220;2%&#8220; global_colors_info=&#8220;{}&#8220;][\/et_pb_fullwidth_image][\/et_pb_section]<\/p>\n","protected":false},"excerpt":{"rendered":"<p>Jetzt mitmachenGemeinsam k\u00f6nnen wir viel erreichen und unseren Kindern eine sch\u00f6ne Grundschulzeit bieten &#8211; und das ab nur 1 Euro pro Monat.\u00a0Sie k\u00f6nnen aber auch einen h\u00f6heren Jahresbeitrag zahlen. Wenn Sie Mitglied im F\u00f6rderverein Grundschule Weener e.V. werden m\u00f6chten, so k\u00f6nnen Sie sich unserem Flyer inkl. Mitgliedsantrag hier herunterladen. Bitte geben Sie ihn ausgef\u00fcllt und [&hellip;]<\/p>\n","protected":false},"author":1,"featured_media":0,"parent":0,"menu_order":0,"comment_status":"closed","ping_status":"closed","template":"","meta":{"_et_pb_use_builder":"on","_et_pb_old_content":"<!-- wp:divi\/placeholder \/-->","_et_gb_content_width":"","footnotes":""},"class_list":["post-48","page","type-page","status-publish","hentry"],"yoast_head":"<!-- This site is optimized with the Yoast SEO plugin v22.0 - https:\/\/yoast.com\/wordpress\/plugins\/seo\/ -->\n<title>Mitglied werden - F\u00f6rderverein GS Weener<\/title>\n<meta name=\"robots\" content=\"index, follow, max-snippet:-1, max-image-preview:large, max-video-preview:-1\" \/>\n<link rel=\"canonical\" href=\"https:\/\/unruffled-stonebraker.176-9-1-208.plesk.page\/?page_id=48\" \/>\n<meta property=\"og:locale\" content=\"de_DE\" \/>\n<meta property=\"og:type\" content=\"article\" \/>\n<meta property=\"og:title\" content=\"Mitglied werden - F\u00f6rderverein GS Weener\" \/>\n<meta property=\"og:description\" content=\"Jetzt mitmachenGemeinsam k\u00f6nnen wir viel erreichen und unseren Kindern eine sch\u00f6ne Grundschulzeit bieten - und das ab nur 1 Euro pro Monat.\u00a0Sie k\u00f6nnen aber auch einen h\u00f6heren Jahresbeitrag zahlen. Wenn Sie Mitglied im F\u00f6rderverein Grundschule Weener e.V. werden m\u00f6chten, so k\u00f6nnen Sie sich unserem Flyer inkl. Mitgliedsantrag hier herunterladen. Bitte geben Sie ihn ausgef\u00fcllt und [&hellip;]\" \/>\n<meta property=\"og:url\" content=\"https:\/\/unruffled-stonebraker.176-9-1-208.plesk.page\/?page_id=48\" \/>\n<meta property=\"og:site_name\" content=\"F\u00f6rderverein GS Weener\" \/>\n<meta property=\"article:modified_time\" content=\"2024-01-12T15:49:23+00:00\" \/>\n<meta name=\"twitter:card\" content=\"summary_large_image\" \/>\n<script type=\"application\/ld+json\" class=\"yoast-schema-graph\">{\"@context\":\"https:\/\/schema.org\",\"@graph\":[{\"@type\":\"WebPage\",\"@id\":\"https:\/\/unruffled-stonebraker.176-9-1-208.plesk.page\/?page_id=48\",\"url\":\"https:\/\/unruffled-stonebraker.176-9-1-208.plesk.page\/?page_id=48\",\"name\":\"Mitglied werden - F\u00f6rderverein GS Weener\",\"isPartOf\":{\"@id\":\"https:\/\/unruffled-stonebraker.176-9-1-208.plesk.page\/#website\"},\"datePublished\":\"2024-01-12T13:56:58+00:00\",\"dateModified\":\"2024-01-12T15:49:23+00:00\",\"breadcrumb\":{\"@id\":\"https:\/\/unruffled-stonebraker.176-9-1-208.plesk.page\/?page_id=48#breadcrumb\"},\"inLanguage\":\"de\",\"potentialAction\":[{\"@type\":\"ReadAction\",\"target\":[\"https:\/\/unruffled-stonebraker.176-9-1-208.plesk.page\/?page_id=48\"]}]},{\"@type\":\"BreadcrumbList\",\"@id\":\"https:\/\/unruffled-stonebraker.176-9-1-208.plesk.page\/?page_id=48#breadcrumb\",\"itemListElement\":[{\"@type\":\"ListItem\",\"position\":1,\"name\":\"Startseite\",\"item\":\"https:\/\/unruffled-stonebraker.176-9-1-208.plesk.page\/\"},{\"@type\":\"ListItem\",\"position\":2,\"name\":\"Mitglied werden\"}]},{\"@type\":\"WebSite\",\"@id\":\"https:\/\/unruffled-stonebraker.176-9-1-208.plesk.page\/#website\",\"url\":\"https:\/\/unruffled-stonebraker.176-9-1-208.plesk.page\/\",\"name\":\"F\u00f6rderverein GS Weener\",\"description\":\"\",\"potentialAction\":[{\"@type\":\"SearchAction\",\"target\":{\"@type\":\"EntryPoint\",\"urlTemplate\":\"https:\/\/unruffled-stonebraker.176-9-1-208.plesk.page\/?s={search_term_string}\"},\"query-input\":\"required name=search_term_string\"}],\"inLanguage\":\"de\"}]}<\/script>\n<!-- \/ Yoast SEO plugin. -->","yoast_head_json":{"title":"Mitglied werden - F\u00f6rderverein GS Weener","robots":{"index":"index","follow":"follow","max-snippet":"max-snippet:-1","max-image-preview":"max-image-preview:large","max-video-preview":"max-video-preview:-1"},"canonical":"https:\/\/unruffled-stonebraker.176-9-1-208.plesk.page\/?page_id=48","og_locale":"de_DE","og_type":"article","og_title":"Mitglied werden - F\u00f6rderverein GS Weener","og_description":"Jetzt mitmachenGemeinsam k\u00f6nnen wir viel erreichen und unseren Kindern eine sch\u00f6ne Grundschulzeit bieten - und das ab nur 1 Euro pro Monat.\u00a0Sie k\u00f6nnen aber auch einen h\u00f6heren Jahresbeitrag zahlen. Wenn Sie Mitglied im F\u00f6rderverein Grundschule Weener e.V. werden m\u00f6chten, so k\u00f6nnen Sie sich unserem Flyer inkl. Mitgliedsantrag hier herunterladen. Bitte geben Sie ihn ausgef\u00fcllt und [&hellip;]","og_url":"https:\/\/unruffled-stonebraker.176-9-1-208.plesk.page\/?page_id=48","og_site_name":"F\u00f6rderverein GS Weener","article_modified_time":"2024-01-12T15:49:23+00:00","twitter_card":"summary_large_image","schema":{"@context":"https:\/\/schema.org","@graph":[{"@type":"WebPage","@id":"https:\/\/unruffled-stonebraker.176-9-1-208.plesk.page\/?page_id=48","url":"https:\/\/unruffled-stonebraker.176-9-1-208.plesk.page\/?page_id=48","name":"Mitglied werden - F\u00f6rderverein GS Weener","isPartOf":{"@id":"https:\/\/unruffled-stonebraker.176-9-1-208.plesk.page\/#website"},"datePublished":"2024-01-12T13:56:58+00:00","dateModified":"2024-01-12T15:49:23+00:00","breadcrumb":{"@id":"https:\/\/unruffled-stonebraker.176-9-1-208.plesk.page\/?page_id=48#breadcrumb"},"inLanguage":"de","potentialAction":[{"@type":"ReadAction","target":["https:\/\/unruffled-stonebraker.176-9-1-208.plesk.page\/?page_id=48"]}]},{"@type":"BreadcrumbList","@id":"https:\/\/unruffled-stonebraker.176-9-1-208.plesk.page\/?page_id=48#breadcrumb","itemListElement":[{"@type":"ListItem","position":1,"name":"Startseite","item":"https:\/\/unruffled-stonebraker.176-9-1-208.plesk.page\/"},{"@type":"ListItem","position":2,"name":"Mitglied werden"}]},{"@type":"WebSite","@id":"https:\/\/unruffled-stonebraker.176-9-1-208.plesk.page\/#website","url":"https:\/\/unruffled-stonebraker.176-9-1-208.plesk.page\/","name":"F\u00f6rderverein GS Weener","description":"","potentialAction":[{"@type":"SearchAction","target":{"@type":"EntryPoint","urlTemplate":"https:\/\/unruffled-stonebraker.176-9-1-208.plesk.page\/?s={search_term_string}"},"query-input":"required name=search_term_string"}],"inLanguage":"de"}]}},"_links":{"self":[{"href":"https:\/\/unruffled-stonebraker.176-9-1-208.plesk.page\/index.php?rest_route=\/wp\/v2\/pages\/48","targetHints":{"allow":["GET"]}}],"collection":[{"href":"https:\/\/unruffled-stonebraker.176-9-1-208.plesk.page\/index.php?rest_route=\/wp\/v2\/pages"}],"about":[{"href":"https:\/\/unruffled-stonebraker.176-9-1-208.plesk.page\/index.php?rest_route=\/wp\/v2\/types\/page"}],"author":[{"embeddable":true,"href":"https:\/\/unruffled-stonebraker.176-9-1-208.plesk.page\/index.php?rest_route=\/wp\/v2\/users\/1"}],"replies":[{"embeddable":true,"href":"https:\/\/unruffled-stonebraker.176-9-1-208.plesk.page\/index.php?rest_route=%2Fwp%2Fv2%2Fcomments&post=48"}],"version-history":[{"count":4,"href":"https:\/\/unruffled-stonebraker.176-9-1-208.plesk.page\/index.php?rest_route=\/wp\/v2\/pages\/48\/revisions"}],"predecessor-version":[{"id":108,"href":"https:\/\/unruffled-stonebraker.176-9-1-208.plesk.page\/index.php?rest_route=\/wp\/v2\/pages\/48\/revisions\/108"}],"wp:attachment":[{"href":"https:\/\/unruffled-stonebraker.176-9-1-208.plesk.page\/index.php?rest_route=%2Fwp%2Fv2%2Fmedia&parent=48"}],"curies":[{"name":"wp","href":"https:\/\/api.w.org\/{rel}","templated":true}]}}