{"id":94,"date":"2024-01-12T15:06:22","date_gmt":"2024-01-12T15:06:22","guid":{"rendered":"https:\/\/unruffled-stonebraker.176-9-1-208.plesk.page\/?page_id=94"},"modified":"2024-01-12T15:54:21","modified_gmt":"2024-01-12T15:54:21","slug":"impressum","status":"publish","type":"page","link":"https:\/\/unruffled-stonebraker.176-9-1-208.plesk.page\/?page_id=94","title":{"rendered":"Impressum"},"content":{"rendered":"<p>[et_pb_section fb_built=&#8220;1&#8243; _builder_version=&#8220;4.23.4&#8243; _module_preset=&#8220;default&#8220; global_colors_info=&#8220;{}&#8220;][et_pb_row _builder_version=&#8220;4.23.4&#8243; _module_preset=&#8220;default&#8220; global_colors_info=&#8220;{}&#8220;][et_pb_column type=&#8220;4_4&#8243; _builder_version=&#8220;4.23.4&#8243; _module_preset=&#8220;default&#8220; global_colors_info=&#8220;{}&#8220;][et_pb_text _builder_version=&#8220;4.23.4&#8243; _module_preset=&#8220;default&#8220; hover_enabled=&#8220;0&#8243; global_colors_info=&#8220;{}&#8220; sticky_enabled=&#8220;0&#8243;]<\/p>\n<h1>Impressum<\/h1>\n<p>Angaben gem\u00e4\u00df \u00a7 5 TMG:<\/p>\n<p>F\u00f6rderverein Grundschule Weener e.V.<br \/>\nWikingerstra\u00dfe 2<br \/>\n26826 Weener<\/p>\n<h2>Vertreten durch:<\/h2>\n<p>Bernd Feenders (1. Vorsitzender)<br \/>\nElke Groenewold (2. Vorsitzende)<br \/>\nMenno Lokers (Kassenwart)<\/p>\n<h2>Kontakt:<\/h2>\n<p>Telefon: 04951 4595<br \/>\nE-Mail: info@foerderverein-grundschule-weener.de<\/p>\n<h2>Registereintrag:<\/h2>\n<p>Eintragung im Vereinsregister.<br \/>\nRegistergericht: Amtsgericht Aurich<br \/>\nRegisternummer: VR 200142<\/p>\n<p>Quelle: <a href=\"http:\/\/www.e-recht24.de\/impressum-generator.html\">Impressumgenerator<\/a> des Anwaltes S\u00f6ren Siebert<\/p>\n<h1>Haftungsausschluss:<\/h1>\n<p><strong>Haftung f\u00fcr Inhalte<\/strong><\/p>\n<p>Die Inhalte unserer Seiten wurden mit gr\u00f6\u00dfter Sorgfalt erstellt.<br \/>\nF\u00fcr die Richtigkeit, Vollst\u00e4ndigkeit und Aktualit\u00e4t der Inhalte\u00a0k\u00f6nnen wir jedoch keine Gew\u00e4hr \u00fcbernehmen. Als Diensteanbieter sind wir gem\u00e4\u00df \u00a7 7 Abs.1 TMG f\u00fcr\u00a0eigene Inhalte auf diesen Seiten nach den allgemeinen Gesetzen verantwortlich.<br \/>\nNach \u00a7\u00a7 8 bis 10 TMG sind wir als Diensteanbieter jedoch nicht\u00a0verpflichtet, \u00fcbermittelte oder gespeicherte fremde Informationen zu\u00a0\u00fcberwachen oder nach Umst\u00e4nden zu forschen, die auf eine rechtswidrige\u00a0T\u00e4tigkeit hinweisen. Verpflichtungen zur Entfernung oder Sperrung der\u00a0Nutzung von Informationen nach den allgemeinen Gesetzen bleiben hiervon\u00a0unber\u00fchrt. Eine diesbez\u00fcgliche Haftung ist jedoch erst ab dem\u00a0Zeitpunkt der Kenntnis einer konkreten Rechtsverletzung m\u00f6glich. Bei\u00a0Bekanntwerden von entsprechenden Rechtsverletzungen werden wir diese Inhalte\u00a0umgehend entfernen.<\/p>\n<p><strong>Haftung f\u00fcr Links<\/strong><\/p>\n<p>Unser Angebot enth\u00e4lt Links zu externen Webseiten Dritter, auf deren\u00a0Inhalte wir keinen Einfluss haben. Deshalb k\u00f6nnen wir f\u00fcr diese\u00a0fremden Inhalte auch keine Gew\u00e4hr \u00fcbernehmen. F\u00fcr die Inhalte\u00a0der verlinkten Seiten ist stets der jeweilige Anbieter oder Betreiber der\u00a0Seiten verantwortlich. Die verlinkten Seiten wurden zum Zeitpunkt der Verlinkung\u00a0auf m\u00f6gliche Rechtsverst\u00f6\u00dfe \u00fcberpr\u00fcft. Rechtswidrige Inhalte waren zum Zeitpunkt der Verlinkung nicht erkennbar. Eine permanente\u00a0inhaltliche Kontrolle der verlinkten Seiten ist jedoch ohne konkrete Anhaltspunkte\u00a0einer Rechtsverletzung nicht zumutbar. Bei Bekanntwerden von Rechtsverletzungen\u00a0werden wir derartige Links umgehend entfernen.<\/p>\n<p><strong>Urheberrecht<\/strong><\/p>\n<p>Die durch die Seitenbetreiber erstellten Inhalte und Werke auf diesen Seiten\u00a0unterliegen dem deutschen Urheberrecht. Die Vervielf\u00e4ltigung, Bearbeitung, Verbreitung und\u00a0jede Art der Verwertung au\u00dferhalb der Grenzen des Urheberrechtes bed\u00fcrfen\u00a0der schriftlichen Zustimmung des jeweiligen Autors bzw. Erstellers. Downloads\u00a0und Kopien dieser Seite sind nur f\u00fcr den privaten, nicht kommerziellen\u00a0Gebrauch gestattet. Soweit die Inhalte auf dieser Seite nicht vom Betreiber erstellt wurden,\u00a0werden die Urheberrechte Dritter beachtet. Insbesondere werden Inhalte Dritter als solche\u00a0gekennzeichnet. Sollten Sie trotzdem auf eine Urheberrechtsverletzung aufmerksam werden, bitten wir um einen entsprechenden Hinweis.\u00a0Bei Bekanntwerden von Rechtsverletzungen werden wir derartige Inhalte umgehend entfernen.<\/p>\n<p><strong>Datenschutz<\/strong><\/p>\n<p>Die Nutzung unserer Webseite ist in der Regel ohne Angabe personenbezogener Daten m\u00f6glich. Soweit auf unseren Seiten personenbezogene Daten (beispielsweise Name,\u00a0Anschrift oder eMail-Adressen) erhoben werden, erfolgt dies, soweit m\u00f6glich, stets auf freiwilliger Basis. Diese Daten werden ohne Ihre ausdr\u00fcckliche Zustimmung nicht an Dritte weitergegeben.<\/p>\n<p>Wir weisen darauf hin, dass die Daten\u00fcbertragung im Internet (z.B.\u00a0bei der Kommunikation per E-Mail) Sicherheitsl\u00fccken aufweisen kann.\u00a0Ein l\u00fcckenloser Schutz der Daten vor dem Zugriff durch Dritte ist nicht\u00a0m\u00f6glich.<\/p>\n<p>Der Nutzung von im Rahmen der Impressumspflicht ver\u00f6ffentlichten Kontaktdaten\u00a0durch Dritte zur \u00dcbersendung von nicht ausdr\u00fccklich angeforderter\u00a0Werbung und Informationsmaterialien wird hiermit ausdr\u00fccklich widersprochen.<br \/>\nDie Betreiber der Seiten behalten sich ausdr\u00fccklich rechtliche Schritte\u00a0im Falle der unverlangten Zusendung von Werbeinformationen, etwa durch Spam-Mails,\u00a0vor.<\/p>\n<p><strong>Datenschutzerkl\u00e4rung f\u00fcr die Nutzung von Facebook-Plugins<br \/>\n(Like-Button)<\/strong><\/p>\n<p>Auf unseren Seiten sind Plugins des sozialen Netzwerks Facebook,\u00a01601 South California Avenue, Palo Alto, CA 94304, USA integriert.<br \/>\nDie Facebook-Plugins erkennen Sie an dem Facebook-Logo oder\u00a0dem &#8222;Like-Button&#8220; (&#8222;Gef\u00e4llt mir&#8220;) auf unserer Seite. Eine \u00dcbersicht\u00a0\u00fcber die Facebook-Plugins finden Sie hier:\u00a0<a href=\"http:\/\/developers.facebook.com\/docs\/plugins\/\" target=\"_blank\" rel=\"noopener noreferrer\">http:\/\/developers.facebook.com\/docs\/plugins\/<\/a>.<\/p>\n<p>Wenn Sie unsere Seiten\u00a0besuchen, wird \u00fcber das Plugin eine direkte Verbindung zwischen Ihrem\u00a0Browser und dem Facebook-Server hergestellt. Facebook erh\u00e4lt dadurch\u00a0die Information, dass Sie mit Ihrer IP-Adresse unsere Seite\u00a0besucht haben. Wenn Sie den Facebook &#8222;Like-Button&#8220; anklicken w\u00e4hrend\u00a0Sie in Ihrem Facebook-Account eingeloggt sind, k\u00f6nnen Sie die Inhalte\u00a0unserer Seiten auf Ihrem Facebook-Profil verlinken. Dadurch kann\u00a0Facebook den Besuch unserer Seiten Ihrem Benutzerkonto zuordnen. Wir\u00a0weisen darauf hin, dass wir als Anbieter der Seiten keine Kenntnis vom\u00a0Inhalt der \u00fcbermittelten Daten sowie deren Nutzung durch Facebook\u00a0erhalten. Weitere Informationen hierzu finden Sie in der\u00a0Datenschutzerkl\u00e4rung von facebook unter\u00a0<a href=\"http:\/\/de-de.facebook.com\/policy.php\" target=\"_blank\" rel=\"noopener noreferrer\">http:\/\/de-de.facebook.com\/policy.php<\/a><\/p>\n<p>Wenn Sie nicht w\u00fcnschen, dass Facebook den Besuch unserer Seiten Ihrem\u00a0Facebook-Nutzerkonto zuordnen kann, loggen Sie sich bitte aus Ihrem\u00a0Facebook-Benutzerkonto aus.<\/p>\n<p><strong>Datenschutzerkl\u00e4rung f\u00fcr die Nutzung von Google Analytics<\/strong><\/p>\n<p>Diese Website benutzt Google Analytics, einen Webanalysedienst der Google Inc. (&#8222;Google&#8220;). Google Analytics verwendet sog. &#8222;Cookies&#8220;, Textdateien, die auf Ihrem Computer gespeichert werden und die eine Analyse der Benutzung der Website durch Sie erm\u00f6glichen. Die durch den Cookie erzeugten Informationen \u00fcber Ihre Benutzung dieser Website werden in der Regel an einen Server von Google in den USA \u00fcbertragen und dort gespeichert. Im Falle der Aktivierung der IP-Anonymisierung auf dieser Webseite wird Ihre IP-Adresse von Google jedoch innerhalb von Mitgliedstaaten der Europ\u00e4ischen Union oder in anderen Vertragsstaaten des Abkommens \u00fcber den Europ\u00e4ischen Wirtschaftsraum zuvor gek\u00fcrzt.<\/p>\n<p>Nur in Ausnahmef\u00e4llen wird die volle IP-Adresse an einen Server von Google in den USA \u00fcbertragen und dort gek\u00fcrzt. Im Auftrag des Betreibers dieser Website wird Google diese Informationen benutzen, um Ihre Nutzung der Website auszuwerten, um Reports \u00fcber die Websiteaktivit\u00e4ten zusammenzustellen und um weitere mit der Websitenutzung und der Internetnutzung verbundene Dienstleistungen gegen\u00fcber dem Websitebetreiber zu erbringen. Die im Rahmen von Google Analytics von Ihrem Browser \u00fcbermittelte IP-Adresse wird nicht mit anderen Daten von Google zusammengef\u00fchrt.<\/p>\n<p>Sie k\u00f6nnen die Speicherung der Cookies durch eine entsprechende Einstellung Ihrer Browser-Software verhindern; wir weisen Sie jedoch darauf hin, dass Sie in diesem Fall gegebenenfalls nicht s\u00e4mtliche Funktionen dieser Website vollumf\u00e4nglich werden nutzen k\u00f6nnen. Sie k\u00f6nnen dar\u00fcber hinaus die Erfassung der durch das Cookie erzeugten und auf Ihre Nutzung der Website bezogenen Daten (inkl. Ihrer IP-Adresse) an Google sowie die Verarbeitung dieser Daten durch Google verhindern, indem sie das unter dem folgenden Link verf\u00fcgbare Browser-Plugin herunterladen und installieren: <a href=\"http:\/\/tools.google.com\/dlpage\/gaoptout?hl=de\">http:\/\/tools.google.com\/dlpage\/gaoptout?hl=de<\/a>.<\/p>\n<p>Quellenangaben: <a href=\"&quot;http:\/\/www.e-recht24.de\/muster-disclaimer.htm\">Disclaimer eRecht24<\/a>[\/et_pb_text][\/et_pb_column][\/et_pb_row][\/et_pb_section]<\/p>\n","protected":false},"excerpt":{"rendered":"<p>Impressum Angaben gem\u00e4\u00df \u00a7 5 TMG: F\u00f6rderverein Grundschule Weener e.V. Wikingerstra\u00dfe 2 26826 Weener Vertreten durch: Bernd Feenders (1. Vorsitzender) Elke Groenewold (2. Vorsitzende) Menno Lokers (Kassenwart) Kontakt: Telefon: 04951 4595 E-Mail: info@foerderverein-grundschule-weener.de Registereintrag: Eintragung im Vereinsregister. Registergericht: Amtsgericht Aurich Registernummer: VR 200142 Quelle: Impressumgenerator des Anwaltes S\u00f6ren Siebert Haftungsausschluss: Haftung f\u00fcr Inhalte Die Inhalte [&hellip;]<\/p>\n","protected":false},"author":1,"featured_media":0,"parent":0,"menu_order":0,"comment_status":"closed","ping_status":"closed","template":"","meta":{"_et_pb_use_builder":"on","_et_pb_old_content":"","_et_gb_content_width":"","footnotes":""},"class_list":["post-94","page","type-page","status-publish","hentry"],"yoast_head":"<!-- This site is optimized with the Yoast SEO plugin v22.0 - https:\/\/yoast.com\/wordpress\/plugins\/seo\/ -->\n<title>Impressum - F\u00f6rderverein GS Weener<\/title>\n<meta name=\"robots\" content=\"index, follow, max-snippet:-1, max-image-preview:large, max-video-preview:-1\" \/>\n<link rel=\"canonical\" href=\"https:\/\/unruffled-stonebraker.176-9-1-208.plesk.page\/?page_id=94\" \/>\n<meta property=\"og:locale\" content=\"de_DE\" \/>\n<meta property=\"og:type\" content=\"article\" \/>\n<meta property=\"og:title\" content=\"Impressum - F\u00f6rderverein GS Weener\" \/>\n<meta property=\"og:description\" content=\"Impressum Angaben gem\u00e4\u00df \u00a7 5 TMG: F\u00f6rderverein Grundschule Weener e.V. Wikingerstra\u00dfe 2 26826 Weener Vertreten durch: Bernd Feenders (1. Vorsitzender) Elke Groenewold (2. Vorsitzende) Menno Lokers (Kassenwart) Kontakt: Telefon: 04951 4595 E-Mail: info@foerderverein-grundschule-weener.de Registereintrag: Eintragung im Vereinsregister. Registergericht: Amtsgericht Aurich Registernummer: VR 200142 Quelle: Impressumgenerator des Anwaltes S\u00f6ren Siebert Haftungsausschluss: Haftung f\u00fcr Inhalte Die Inhalte [&hellip;]\" \/>\n<meta property=\"og:url\" content=\"https:\/\/unruffled-stonebraker.176-9-1-208.plesk.page\/?page_id=94\" \/>\n<meta property=\"og:site_name\" content=\"F\u00f6rderverein GS Weener\" \/>\n<meta property=\"article:modified_time\" content=\"2024-01-12T15:54:21+00:00\" \/>\n<meta name=\"twitter:card\" content=\"summary_large_image\" \/>\n<script type=\"application\/ld+json\" class=\"yoast-schema-graph\">{\"@context\":\"https:\/\/schema.org\",\"@graph\":[{\"@type\":\"WebPage\",\"@id\":\"https:\/\/unruffled-stonebraker.176-9-1-208.plesk.page\/?page_id=94\",\"url\":\"https:\/\/unruffled-stonebraker.176-9-1-208.plesk.page\/?page_id=94\",\"name\":\"Impressum - F\u00f6rderverein GS Weener\",\"isPartOf\":{\"@id\":\"https:\/\/unruffled-stonebraker.176-9-1-208.plesk.page\/#website\"},\"datePublished\":\"2024-01-12T15:06:22+00:00\",\"dateModified\":\"2024-01-12T15:54:21+00:00\",\"breadcrumb\":{\"@id\":\"https:\/\/unruffled-stonebraker.176-9-1-208.plesk.page\/?page_id=94#breadcrumb\"},\"inLanguage\":\"de\",\"potentialAction\":[{\"@type\":\"ReadAction\",\"target\":[\"https:\/\/unruffled-stonebraker.176-9-1-208.plesk.page\/?page_id=94\"]}]},{\"@type\":\"BreadcrumbList\",\"@id\":\"https:\/\/unruffled-stonebraker.176-9-1-208.plesk.page\/?page_id=94#breadcrumb\",\"itemListElement\":[{\"@type\":\"ListItem\",\"position\":1,\"name\":\"Startseite\",\"item\":\"https:\/\/unruffled-stonebraker.176-9-1-208.plesk.page\/\"},{\"@type\":\"ListItem\",\"position\":2,\"name\":\"Impressum\"}]},{\"@type\":\"WebSite\",\"@id\":\"https:\/\/unruffled-stonebraker.176-9-1-208.plesk.page\/#website\",\"url\":\"https:\/\/unruffled-stonebraker.176-9-1-208.plesk.page\/\",\"name\":\"F\u00f6rderverein GS Weener\",\"description\":\"\",\"potentialAction\":[{\"@type\":\"SearchAction\",\"target\":{\"@type\":\"EntryPoint\",\"urlTemplate\":\"https:\/\/unruffled-stonebraker.176-9-1-208.plesk.page\/?s={search_term_string}\"},\"query-input\":\"required name=search_term_string\"}],\"inLanguage\":\"de\"}]}<\/script>\n<!-- \/ Yoast SEO plugin. -->","yoast_head_json":{"title":"Impressum - F\u00f6rderverein GS Weener","robots":{"index":"index","follow":"follow","max-snippet":"max-snippet:-1","max-image-preview":"max-image-preview:large","max-video-preview":"max-video-preview:-1"},"canonical":"https:\/\/unruffled-stonebraker.176-9-1-208.plesk.page\/?page_id=94","og_locale":"de_DE","og_type":"article","og_title":"Impressum - F\u00f6rderverein GS Weener","og_description":"Impressum Angaben gem\u00e4\u00df \u00a7 5 TMG: F\u00f6rderverein Grundschule Weener e.V. Wikingerstra\u00dfe 2 26826 Weener Vertreten durch: Bernd Feenders (1. Vorsitzender) Elke Groenewold (2. Vorsitzende) Menno Lokers (Kassenwart) Kontakt: Telefon: 04951 4595 E-Mail: info@foerderverein-grundschule-weener.de Registereintrag: Eintragung im Vereinsregister. Registergericht: Amtsgericht Aurich Registernummer: VR 200142 Quelle: Impressumgenerator des Anwaltes S\u00f6ren Siebert Haftungsausschluss: Haftung f\u00fcr Inhalte Die Inhalte [&hellip;]","og_url":"https:\/\/unruffled-stonebraker.176-9-1-208.plesk.page\/?page_id=94","og_site_name":"F\u00f6rderverein GS Weener","article_modified_time":"2024-01-12T15:54:21+00:00","twitter_card":"summary_large_image","schema":{"@context":"https:\/\/schema.org","@graph":[{"@type":"WebPage","@id":"https:\/\/unruffled-stonebraker.176-9-1-208.plesk.page\/?page_id=94","url":"https:\/\/unruffled-stonebraker.176-9-1-208.plesk.page\/?page_id=94","name":"Impressum - F\u00f6rderverein GS Weener","isPartOf":{"@id":"https:\/\/unruffled-stonebraker.176-9-1-208.plesk.page\/#website"},"datePublished":"2024-01-12T15:06:22+00:00","dateModified":"2024-01-12T15:54:21+00:00","breadcrumb":{"@id":"https:\/\/unruffled-stonebraker.176-9-1-208.plesk.page\/?page_id=94#breadcrumb"},"inLanguage":"de","potentialAction":[{"@type":"ReadAction","target":["https:\/\/unruffled-stonebraker.176-9-1-208.plesk.page\/?page_id=94"]}]},{"@type":"BreadcrumbList","@id":"https:\/\/unruffled-stonebraker.176-9-1-208.plesk.page\/?page_id=94#breadcrumb","itemListElement":[{"@type":"ListItem","position":1,"name":"Startseite","item":"https:\/\/unruffled-stonebraker.176-9-1-208.plesk.page\/"},{"@type":"ListItem","position":2,"name":"Impressum"}]},{"@type":"WebSite","@id":"https:\/\/unruffled-stonebraker.176-9-1-208.plesk.page\/#website","url":"https:\/\/unruffled-stonebraker.176-9-1-208.plesk.page\/","name":"F\u00f6rderverein GS Weener","description":"","potentialAction":[{"@type":"SearchAction","target":{"@type":"EntryPoint","urlTemplate":"https:\/\/unruffled-stonebraker.176-9-1-208.plesk.page\/?s={search_term_string}"},"query-input":"required name=search_term_string"}],"inLanguage":"de"}]}},"_links":{"self":[{"href":"https:\/\/unruffled-stonebraker.176-9-1-208.plesk.page\/index.php?rest_route=\/wp\/v2\/pages\/94","targetHints":{"allow":["GET"]}}],"collection":[{"href":"https:\/\/unruffled-stonebraker.176-9-1-208.plesk.page\/index.php?rest_route=\/wp\/v2\/pages"}],"about":[{"href":"https:\/\/unruffled-stonebraker.176-9-1-208.plesk.page\/index.php?rest_route=\/wp\/v2\/types\/page"}],"author":[{"embeddable":true,"href":"https:\/\/unruffled-stonebraker.176-9-1-208.plesk.page\/index.php?rest_route=\/wp\/v2\/users\/1"}],"replies":[{"embeddable":true,"href":"https:\/\/unruffled-stonebraker.176-9-1-208.plesk.page\/index.php?rest_route=%2Fwp%2Fv2%2Fcomments&post=94"}],"version-history":[{"count":4,"href":"https:\/\/unruffled-stonebraker.176-9-1-208.plesk.page\/index.php?rest_route=\/wp\/v2\/pages\/94\/revisions"}],"predecessor-version":[{"id":112,"href":"https:\/\/unruffled-stonebraker.176-9-1-208.plesk.page\/index.php?rest_route=\/wp\/v2\/pages\/94\/revisions\/112"}],"wp:attachment":[{"href":"https:\/\/unruffled-stonebraker.176-9-1-208.plesk.page\/index.php?rest_route=%2Fwp%2Fv2%2Fmedia&parent=94"}],"curies":[{"name":"wp","href":"https:\/\/api.w.org\/{rel}","templated":true}]}}